{"id":176,"date":"2016-12-09T18:42:03","date_gmt":"2016-12-09T17:42:03","guid":{"rendered":"http:\/\/www.garagekeller.com\/wordpress\/?page_id=176"},"modified":"2021-08-16T07:37:58","modified_gmt":"2021-08-16T06:37:58","slug":"carte-grise","status":"publish","type":"page","link":"http:\/\/www.garagekeller.com\/wordpress\/carte-grise\/","title":{"rendered":"Carte grise"},"content":{"rendered":"<p>Vous avez trouv\u00e9 un v\u00e9hicule qui vous plait, mais il faut maintenant faire les papiers. Vous pourrez acc\u00e9der directement aux pages propos\u00e9es gratuitement par le gouvernement en cliquant sur les mots soulign\u00e9s dans le texte ci dessous.<\/p>\n<p>Le plus important : <a href=\"https:\/\/siv.interieur.gouv.fr\/map-usg-ui\/do\/csa_retour_dem_certificat\" target=\"_blank\" rel=\"noopener\">le certificat de non gage<\/a>. Cette attestation signifie que le v\u00e9hicule est librement cessible, il porte alors la mention \u00a0\u00bb absence de gage et d&rsquo;opposition \u00ab\u00a0. Si le certificat vous demande de consulter la pr\u00e9fecture,\u00a0le transfert de carte grise est impossible. Diff\u00e9rents cas peuvent en \u00eatre \u00e0 l&rsquo;origine : blocage d&rsquo;expert pour un v\u00e9hicule accident\u00e9, amendes impay\u00e9es, blocage d&rsquo;huissier, etc&#8230; Il convient alors d&rsquo;\u00eatre tr\u00e8s prudent,\u00a0car toutes les oppositions ne sont pas annulables ou peuvent entra\u00eener des frais suppl\u00e9mentaires, dans le doute ne proc\u00e9dez pas \u00e0 l&rsquo;achat du v\u00e9hicule.<\/p>\n<p>Si vous souhaitez remplir vous m\u00eame les formulaires, vous les trouverez en cliquant sur les mots suivants\u00a0:<\/p>\n<p><a href=\"http:\/\/www.garagekeller.com\/wordpress\/wp-content\/uploads\/2017\/01\/handshake-440959_640.jpg\"><img loading=\"lazy\" decoding=\"async\" class=\"alignleft wp-image-308 size-thumbnail\" src=\"http:\/\/www.garagekeller.com\/wordpress\/wp-content\/uploads\/2017\/01\/handshake-440959_640-110x90.jpg\" width=\"110\" height=\"90\" \/><\/a><a href=\"https:\/\/mdel.mon.service-public.fr\/mademarchev5\/sfjsp?interviewID=13754\" target=\"_blank\" rel=\"noopener\">Certificat de Cession\u00a0<\/a>: Pour d\u00e9clarer la vente du v\u00e9hicule, un exemplaire est pour l&rsquo;acqu\u00e9reur, un pour la pr\u00e9fecture, un pour le vendeur. La demande de certificat d&rsquo;immatriculation doit \u00eatre faite dans le mois qui suit la cession, le changement de plaques d&rsquo;immatriculation doit \u00eatre fait au plus vite si le num\u00e9ro d&rsquo;immatriculation change.<\/p>\n<p><a href=\"http:\/\/www.garagekeller.com\/wordpress\/wp-content\/uploads\/2017\/01\/licence-plates-609739_640.jpg\"><img loading=\"lazy\" decoding=\"async\" class=\"alignleft wp-image-310 size-thumbnail\" src=\"http:\/\/www.garagekeller.com\/wordpress\/wp-content\/uploads\/2017\/01\/licence-plates-609739_640-110x90.jpg\" width=\"110\" height=\"90\" \/><\/a><a href=\"https:\/\/mdel.mon.service-public.fr\/mademarchev5\/sfjsp?interviewID=13750\" target=\"_blank\" rel=\"noopener\">Demande de Certificat d&rsquo;immatriculation<\/a>\u00a0: \u00e0 remettre \u00e0 la pr\u00e9fecture avec un exemplaire du certificat de\u00a0cession, un justificatif de domicile de moins de 3 mois\u00a0et une copie de pi\u00e8ce d&rsquo;identit\u00e9. Attention : le\u00a0contr\u00f4le technique doit \u00eatre \u00e0 jour, si le v\u00e9hicule l&rsquo;a r\u00e9ussi il est valable 2 ans pour rouler mais seulement 6 mois pour faire la carte grise. Si le v\u00e9hicule est refus\u00e9 au contr\u00f4le, le contr\u00f4le n&rsquo;est valable qu&rsquo;un mois pour faire la carte grise et l&rsquo;autorisation de circulation peut \u00eatre refus\u00e9e ou un d\u00e9lai de 2 mois peut \u00eatre accord\u00e9 pour faire les travaux de mise en conformit\u00e9 et repr\u00e9senter le v\u00e9hicule. Si le d\u00e9lai de 2 mois est d\u00e9pass\u00e9, un nouveau contr\u00f4le complet est alors n\u00e9cessaire.<\/p>\n<p><a href=\"https:\/\/www.formulaires.modernisation.gouv.fr\/gf\/cerfa_13757.do\" target=\"_blank\" rel=\"noopener\">Mandat d&rsquo;immatriculation<\/a>\u00a0: ce formulaire est n\u00e9cessaire si vous faites appel \u00e0 un professionnel pour faire les papiers \u00e0 votre place.<\/p>\n<p>Obtenir le certificat d&rsquo;immatriculation est plus simple au garage, il suffit de venir nous voir avec votre certificat de cession ( acte de vente ), l&rsquo;ancien certificat d&rsquo;immatriculation, une pi\u00e8ce d&rsquo;identit\u00e9 et un justificatif de domicile de moins de trois mois. <a href=\"https:\/\/www.service-public.fr\/particuliers\/vosdroits\/F1028\">Vous trouverez la \u00a0liste des justificatifs recevables en cliquant ici.<\/a><em><strong> Attention : depuis le 14\/08\/2017 il faut \u00e9galement fournir une copie du permis et une attestation d&rsquo;assurance.<\/strong><\/em><\/p>\n<p>Nous pourrons alors pr\u00e9parer pour vous les formulaires restants ( mandat d&rsquo;immatriculation et demande de certificat d&rsquo;immatriculation ) et nous chargeons de l&rsquo;inscription au Syst\u00e8me d&rsquo;Immatriculation des V\u00e9hicules ( SIV ). Vous repartez du garage avec vos papiers provisoires et vous recevrez quelques jours plus tard chez par courrier recommand\u00e9 le titre d\u00e9finitif.<\/p>\n<p>Ce service vous est propos\u00e9 au tarif de<\/p>\n<ul>\n<li>59.90 \u20ac TTC pour un v\u00e9hicule d&rsquo;import, une successions ou tout dossier n\u00e9cessitant une intervention de l&rsquo;ANTS. Ces dossiers n\u00e9cessitent un suivi sur la dur\u00e9e de traitement et son plus complexes \u00e0 mettre en place.<\/li>\n<li>29.90 \u20ac TTC pour un v\u00e9hicule d\u00e9j\u00e0 immatricul\u00e9 en France<\/li>\n<li>19.90 \u20ac TTC pour les autres op\u00e9rations : inscription de cession, changement de domicile, Vignette Critair.<\/li>\n<\/ul>\n<p>Ces tarifs sont bien s\u00fbr hors co\u00fbt de la carte grise ( <a href=\"https:\/\/www.service-public.fr\/simulateur\/calcul\/cout-certificat-immatriculation\">simulateur de co\u00fbt de carte grise en cliquant ici<\/a> ). Nous pouvons aussi vous proposer le remplacement de vos plaques d&rsquo;immatriculation si elles sont ab\u00eem\u00e9es ou si votre num\u00e9ro change, ainsi qu&rsquo;une immatriculation provisoire pour vos v\u00e9hicules import\u00e9s. N&rsquo;h\u00e9sitez pas \u00e0 nous solliciter pour toute demande.<\/p>\n","protected":false},"excerpt":{"rendered":"<p>Vous avez trouv\u00e9 un v\u00e9hicule qui vous plait, mais il faut maintenant faire les papiers. Vous pourrez acc\u00e9der directement aux pages propos\u00e9es gratuitement par le gouvernement en cliquant sur les mots soulign\u00e9s dans le texte ci dessous. Le plus important : le certificat de non gage. Cette attestation signifie que le v\u00e9hicule est librement cessible, [&hellip;]<\/p>\n","protected":false},"author":1,"featured_media":0,"parent":0,"menu_order":0,"comment_status":"closed","ping_status":"closed","template":"","meta":{"footnotes":""},"class_list":["post-176","page","type-page","status-publish","hentry"],"_links":{"self":[{"href":"http:\/\/www.garagekeller.com\/wordpress\/wp-json\/wp\/v2\/pages\/176","targetHints":{"allow":["GET"]}}],"collection":[{"href":"http:\/\/www.garagekeller.com\/wordpress\/wp-json\/wp\/v2\/pages"}],"about":[{"href":"http:\/\/www.garagekeller.com\/wordpress\/wp-json\/wp\/v2\/types\/page"}],"author":[{"embeddable":true,"href":"http:\/\/www.garagekeller.com\/wordpress\/wp-json\/wp\/v2\/users\/1"}],"replies":[{"embeddable":true,"href":"http:\/\/www.garagekeller.com\/wordpress\/wp-json\/wp\/v2\/comments?post=176"}],"version-history":[{"count":10,"href":"http:\/\/www.garagekeller.com\/wordpress\/wp-json\/wp\/v2\/pages\/176\/revisions"}],"predecessor-version":[{"id":501,"href":"http:\/\/www.garagekeller.com\/wordpress\/wp-json\/wp\/v2\/pages\/176\/revisions\/501"}],"wp:attachment":[{"href":"http:\/\/www.garagekeller.com\/wordpress\/wp-json\/wp\/v2\/media?parent=176"}],"curies":[{"name":"wp","href":"https:\/\/api.w.org\/{rel}","templated":true}]}}