{"id":19,"date":"2016-01-23T09:44:38","date_gmt":"2016-01-23T08:44:38","guid":{"rendered":"http:\/\/www.garagekeller.com\/wordpress\/?page_id=19"},"modified":"2018-07-19T08:59:10","modified_gmt":"2018-07-19T07:59:10","slug":"acheter-un-vehicule","status":"publish","type":"page","link":"http:\/\/www.garagekeller.com\/wordpress\/acheter-un-vehicule\/","title":{"rendered":"Acheter un v\u00e9hicule"},"content":{"rendered":"<p>Nous proposons un grand choix de v\u00e9hicules, neufs ou d&rsquo;occasion. Nous pouvons aussi effectuer une recherche personnalis\u00e9e en fonction de vos envies et besoins. N&rsquo;h\u00e9sitez pas \u00e0 nous contacter au 03 88 86 74 97<\/p>\n","protected":false},"excerpt":{"rendered":"<p>Nous proposons un grand choix de v\u00e9hicules, neufs ou d&rsquo;occasion. Nous pouvons aussi effectuer une recherche personnalis\u00e9e en fonction de vos envies et besoins. N&rsquo;h\u00e9sitez pas \u00e0 nous contacter au 03 88 86 74 97<\/p>\n","protected":false},"author":1,"featured_media":0,"parent":0,"menu_order":0,"comment_status":"closed","ping_status":"closed","template":"","meta":{"footnotes":""},"class_list":["post-19","page","type-page","status-publish","hentry"],"_links":{"self":[{"href":"http:\/\/www.garagekeller.com\/wordpress\/wp-json\/wp\/v2\/pages\/19","targetHints":{"allow":["GET"]}}],"collection":[{"href":"http:\/\/www.garagekeller.com\/wordpress\/wp-json\/wp\/v2\/pages"}],"about":[{"href":"http:\/\/www.garagekeller.com\/wordpress\/wp-json\/wp\/v2\/types\/page"}],"author":[{"embeddable":true,"href":"http:\/\/www.garagekeller.com\/wordpress\/wp-json\/wp\/v2\/users\/1"}],"replies":[{"embeddable":true,"href":"http:\/\/www.garagekeller.com\/wordpress\/wp-json\/wp\/v2\/comments?post=19"}],"version-history":[{"count":1,"href":"http:\/\/www.garagekeller.com\/wordpress\/wp-json\/wp\/v2\/pages\/19\/revisions"}],"predecessor-version":[{"id":20,"href":"http:\/\/www.garagekeller.com\/wordpress\/wp-json\/wp\/v2\/pages\/19\/revisions\/20"}],"wp:attachment":[{"href":"http:\/\/www.garagekeller.com\/wordpress\/wp-json\/wp\/v2\/media?parent=19"}],"curies":[{"name":"wp","href":"https:\/\/api.w.org\/{rel}","templated":true}]}}