{"id":258,"date":"2017-01-02T19:17:08","date_gmt":"2017-01-02T18:17:08","guid":{"rendered":"http:\/\/www.garagekeller.com\/wordpress\/?page_id=258"},"modified":"2020-03-04T11:49:38","modified_gmt":"2020-03-04T10:49:38","slug":"location-de-courte-duree","status":"publish","type":"page","link":"http:\/\/www.garagekeller.com\/wordpress\/location\/location-de-courte-duree\/","title":{"rendered":"Location de courte dur\u00e9e"},"content":{"rendered":"<p><a href=\"http:\/\/www.garagekeller.com\/wordpress\/wp-content\/uploads\/2016\/01\/transit_loc.jpg\"><img loading=\"lazy\" decoding=\"async\" class=\"alignleft size-full wp-image-27\" src=\"http:\/\/www.garagekeller.com\/wordpress\/wp-content\/uploads\/2016\/01\/transit_loc.jpg\" alt=\"\" width=\"121\" height=\"99\" \/><\/a><br \/>\nBesoin temporairement d&rsquo;un v\u00e9hicule pour vous d\u00e9placer, r\u00e9cup\u00e9rer un achat ou effectuer un d\u00e9m\u00e9nagement ? Le Garage Keller met \u00e0 votre disposition des v\u00e9hicules de location avec des forfaits \u00e0 partir de 2h.<\/p>\n<div class=\"post\" align=\"center\">\n<p style=\"text-align: center;\"><em><strong>Tarif Location au 01\/01\/2020<\/strong><\/em><\/p>\n<table style=\"text-align: center; height: 353px;\" border=\"0\" width=\"741\">\n<tbody>\n<tr>\n<td style=\"text-align: center;\"><\/td>\n<td><\/td>\n<td style=\"text-align: center;\"><\/td>\n<td style=\"text-align: center;\">Transit fourgon<\/td>\n<\/tr>\n<tr>\n<td><\/td>\n<td><\/td>\n<td><\/td>\n<td><\/td>\n<\/tr>\n<tr>\n<td>Forfait 2H<\/td>\n<td><\/td>\n<td><\/td>\n<td style=\"text-align: center;\">19 \u20ac<\/td>\n<\/tr>\n<tr>\n<td>Forfait demi journ\u00e9e<\/td>\n<td><\/td>\n<td><\/td>\n<td style=\"text-align: center;\">32 \u20ac<\/td>\n<\/tr>\n<tr>\n<td>Forfait journ\u00e9e<\/td>\n<td><\/td>\n<td style=\"text-align: center;\"><\/td>\n<td style=\"text-align: center;\">52 \u20ac<\/td>\n<\/tr>\n<tr>\n<td>Forfait Week end<\/p>\n<p>( Samedi-Dimanche<\/p>\n<p>Retour lundi avant 9h )<\/td>\n<td><\/td>\n<td><\/td>\n<td style=\"text-align: center;\">99 \u20ac<\/td>\n<\/tr>\n<tr>\n<td>Km Suppl\u00e9mentaire<\/td>\n<td><\/td>\n<td style=\"text-align: center;\"><\/td>\n<td style=\"text-align: center;\">0.16 \u20ac<\/td>\n<\/tr>\n<tr>\n<td>Volume<\/td>\n<td><\/td>\n<td><\/td>\n<td style=\"text-align: center;\">7.5 m3<\/td>\n<\/tr>\n<tr>\n<td><\/td>\n<td><\/td>\n<td><\/td>\n<td style=\"text-align: center;\"><\/td>\n<\/tr>\n<\/tbody>\n<\/table>\n<\/div>\n<div class=\"post\">\n<p>Franchise 1500 \u20ac &#8211; les forfaits 2h, demi journ\u00e9e et journ\u00e9e inclut 100km, le forfait week end inclut 200km. Pour le Transit 9 places les km inclus sont doubl\u00e9s \u2013 La location n&rsquo;inclut pas le carburant \u2013 toute demi journ\u00e9e entam\u00e9e est due int\u00e9gralement, tant pour la location que pour les prestations accessoires \u2013 Toute location est \u00e0 payer \u00e0 la r\u00e9servation. Le paiement pourra \u00eatre restitu\u00e9 en cas d&rsquo;annulation au plus tard 24h avant le d\u00e9but de la location, \u00e0 moins de 24h de la location un forfait de 40 \u20ac reste d\u00fb \u2013 un \u00e9tat du v\u00e9hicule est fait avant la mise \u00e0 disposition et \u00e0 la restitution, tout d\u00e9gat constat\u00e9 \u00e0 la restitution fera l&rsquo;objet d&rsquo;une facturation s\u00e9par\u00e9e dans la limite de la franchise \u2013 Toute infraction verbalis\u00e9e est \u00e0 la charge du locataire \u2013 Est consid\u00e9r\u00e9 comme jeune conducteur toute personne de moins de 21 ans et\/ou titulaire du permis de conduire depuis moins de 2 ans.<\/p>\n<p>Pour toute location il sera demand\u00e9 de pr\u00e9senter une pi\u00e8ce d&rsquo;identit\u00e9, un ch\u00e8que de caution et un permis en cours de validit\u00e9, il pourra \u00e9ventuellement \u00eatre demand\u00e9 la pr\u00e9sentation d&rsquo;un justificatif de domicile de moins de 3 mois. Pour consulter l&rsquo;int\u00e9gralit\u00e9 de nos conditions de vente merci de prendre contact avec le garage.<\/p>\n<\/div>\n","protected":false},"excerpt":{"rendered":"<p>Besoin temporairement d&rsquo;un v\u00e9hicule pour vous d\u00e9placer, r\u00e9cup\u00e9rer un achat ou effectuer un d\u00e9m\u00e9nagement ? Le Garage Keller met \u00e0 votre disposition des v\u00e9hicules de location avec des forfaits \u00e0 partir de 2h. Tarif Location au 01\/01\/2020 Transit fourgon Forfait 2H 19 \u20ac Forfait demi journ\u00e9e 32 \u20ac Forfait journ\u00e9e 52 \u20ac Forfait Week end [&hellip;]<\/p>\n","protected":false},"author":1,"featured_media":0,"parent":23,"menu_order":0,"comment_status":"closed","ping_status":"closed","template":"","meta":{"footnotes":""},"class_list":["post-258","page","type-page","status-publish","hentry"],"_links":{"self":[{"href":"http:\/\/www.garagekeller.com\/wordpress\/wp-json\/wp\/v2\/pages\/258","targetHints":{"allow":["GET"]}}],"collection":[{"href":"http:\/\/www.garagekeller.com\/wordpress\/wp-json\/wp\/v2\/pages"}],"about":[{"href":"http:\/\/www.garagekeller.com\/wordpress\/wp-json\/wp\/v2\/types\/page"}],"author":[{"embeddable":true,"href":"http:\/\/www.garagekeller.com\/wordpress\/wp-json\/wp\/v2\/users\/1"}],"replies":[{"embeddable":true,"href":"http:\/\/www.garagekeller.com\/wordpress\/wp-json\/wp\/v2\/comments?post=258"}],"version-history":[{"count":37,"href":"http:\/\/www.garagekeller.com\/wordpress\/wp-json\/wp\/v2\/pages\/258\/revisions"}],"predecessor-version":[{"id":496,"href":"http:\/\/www.garagekeller.com\/wordpress\/wp-json\/wp\/v2\/pages\/258\/revisions\/496"}],"up":[{"embeddable":true,"href":"http:\/\/www.garagekeller.com\/wordpress\/wp-json\/wp\/v2\/pages\/23"}],"wp:attachment":[{"href":"http:\/\/www.garagekeller.com\/wordpress\/wp-json\/wp\/v2\/media?parent=258"}],"curies":[{"name":"wp","href":"https:\/\/api.w.org\/{rel}","templated":true}]}}