{"id":30,"date":"2016-01-23T11:42:27","date_gmt":"2016-01-23T10:42:27","guid":{"rendered":"http:\/\/www.garagekeller.com\/wordpress\/?page_id=30"},"modified":"2025-11-29T13:57:05","modified_gmt":"2025-11-29T12:57:05","slug":"depannage","status":"publish","type":"page","link":"http:\/\/www.garagekeller.com\/wordpress\/depannage\/","title":{"rendered":"D\u00e9pannage"},"content":{"rendered":"<p>Une panne, un accident peuvent survenir n&rsquo;importe quand. Notre service de d\u00e9pannage 24h\/24 est \u00e0 votre disposition pour vous garantir une prestation de qualit\u00e9 avec un service personnalis\u00e9.<\/p>\n<p>Si nous avons un v\u00e9hicule de disponible et que votre v\u00e9hicule doit \u00eatre rapatri\u00e9 vers notre garage par nos soins, nous pouvons m\u00eame vous proposer un \u00e9change sur le lieu de la panne. Pas besoin de taxi ou de rapatriement dans ce cas l\u00e0, vous pouvez rentrer par vos propres moyens et ramener le v\u00e9hicule pr\u00eat\u00e9 au garage quand votre voiture est r\u00e9par\u00e9e. Simple et pratique !<\/p>\n<p>Votre remorquage peut \u00e9galement \u00eatre pris en charge par votre assistance directement sous r\u00e9serve d&rsquo;accord pr\u00e9alable, car nous sommes partenaire Inter Mutuelles Assistance, Mondial Assistance, Acta\/Arc Europe et AXA.<\/p>\n<p><a href=\"https:\/\/get.teamviewer.com\/kellerlight\" rel=\"https:\/\/get.teamviewer.com\/kellerlight\"><img loading=\"lazy\" decoding=\"async\" class=\"alignleft wp-image-499 size-thumbnail\" title=\"Ligth\" src=\"http:\/\/www.garagekeller.com\/wordpress\/wp-content\/uploads\/2020\/03\/d\u00e9panneuse-110x90.gif\" alt=\"\" width=\"110\" height=\"90\" \/><\/a><\/p>\n<p><a href=\"https:\/\/get.teamviewer.com\/kellerlight\" rel=\"https:\/\/get.teamviewer.com\/kellerfull\"><img loading=\"lazy\" decoding=\"async\" class=\"alignright wp-image-499 size-thumbnail\" title=\"Full\" src=\"http:\/\/www.garagekeller.com\/wordpress\/wp-content\/uploads\/2020\/03\/d\u00e9panneuse-110x90.gif\" alt=\"\" width=\"110\" height=\"90\" \/><\/a><\/p>\n","protected":false},"excerpt":{"rendered":"<p>Une panne, un accident peuvent survenir n&rsquo;importe quand. Notre service de d\u00e9pannage 24h\/24 est \u00e0 votre disposition pour vous garantir une prestation de qualit\u00e9 avec un service personnalis\u00e9. Si nous avons un v\u00e9hicule de disponible et que votre v\u00e9hicule doit \u00eatre rapatri\u00e9 vers notre garage par nos soins, nous pouvons m\u00eame vous proposer un \u00e9change [&hellip;]<\/p>\n","protected":false},"author":1,"featured_media":0,"parent":0,"menu_order":0,"comment_status":"closed","ping_status":"closed","template":"","meta":{"footnotes":""},"class_list":["post-30","page","type-page","status-publish","hentry"],"_links":{"self":[{"href":"http:\/\/www.garagekeller.com\/wordpress\/wp-json\/wp\/v2\/pages\/30","targetHints":{"allow":["GET"]}}],"collection":[{"href":"http:\/\/www.garagekeller.com\/wordpress\/wp-json\/wp\/v2\/pages"}],"about":[{"href":"http:\/\/www.garagekeller.com\/wordpress\/wp-json\/wp\/v2\/types\/page"}],"author":[{"embeddable":true,"href":"http:\/\/www.garagekeller.com\/wordpress\/wp-json\/wp\/v2\/users\/1"}],"replies":[{"embeddable":true,"href":"http:\/\/www.garagekeller.com\/wordpress\/wp-json\/wp\/v2\/comments?post=30"}],"version-history":[{"count":10,"href":"http:\/\/www.garagekeller.com\/wordpress\/wp-json\/wp\/v2\/pages\/30\/revisions"}],"predecessor-version":[{"id":617,"href":"http:\/\/www.garagekeller.com\/wordpress\/wp-json\/wp\/v2\/pages\/30\/revisions\/617"}],"wp:attachment":[{"href":"http:\/\/www.garagekeller.com\/wordpress\/wp-json\/wp\/v2\/media?parent=30"}],"curies":[{"name":"wp","href":"https:\/\/api.w.org\/{rel}","templated":true}]}}