{"id":52,"date":"2016-01-23T16:09:40","date_gmt":"2016-01-23T15:09:40","guid":{"rendered":"http:\/\/www.garagekeller.com\/wordpress\/?page_id=52"},"modified":"2018-07-19T08:59:10","modified_gmt":"2018-07-19T07:59:10","slug":"atelier","status":"publish","type":"page","link":"http:\/\/www.garagekeller.com\/wordpress\/atelier\/","title":{"rendered":"Atelier"},"content":{"rendered":"<p>Notre atelier vous propose toutes les prestations n\u00e9cessaires au bon fonctionnement\u00a0de votre v\u00e9hicule. Vous pouvez \u00e9galement b\u00e9n\u00e9ficier sous r\u00e9serve de disponibilit\u00e9 d&rsquo;un v\u00e9hicule de remplacement lors de vos travaux, voir conditions \u00e0 l&rsquo;atelier.<\/p>\n","protected":false},"excerpt":{"rendered":"<p>Notre atelier vous propose toutes les prestations n\u00e9cessaires au bon fonctionnement\u00a0de votre v\u00e9hicule. Vous pouvez \u00e9galement b\u00e9n\u00e9ficier sous r\u00e9serve de disponibilit\u00e9 d&rsquo;un v\u00e9hicule de remplacement lors de vos travaux, voir conditions \u00e0 l&rsquo;atelier.<\/p>\n","protected":false},"author":1,"featured_media":0,"parent":0,"menu_order":0,"comment_status":"closed","ping_status":"closed","template":"","meta":{"footnotes":""},"class_list":["post-52","page","type-page","status-publish","hentry"],"_links":{"self":[{"href":"http:\/\/www.garagekeller.com\/wordpress\/wp-json\/wp\/v2\/pages\/52","targetHints":{"allow":["GET"]}}],"collection":[{"href":"http:\/\/www.garagekeller.com\/wordpress\/wp-json\/wp\/v2\/pages"}],"about":[{"href":"http:\/\/www.garagekeller.com\/wordpress\/wp-json\/wp\/v2\/types\/page"}],"author":[{"embeddable":true,"href":"http:\/\/www.garagekeller.com\/wordpress\/wp-json\/wp\/v2\/users\/1"}],"replies":[{"embeddable":true,"href":"http:\/\/www.garagekeller.com\/wordpress\/wp-json\/wp\/v2\/comments?post=52"}],"version-history":[{"count":4,"href":"http:\/\/www.garagekeller.com\/wordpress\/wp-json\/wp\/v2\/pages\/52\/revisions"}],"predecessor-version":[{"id":66,"href":"http:\/\/www.garagekeller.com\/wordpress\/wp-json\/wp\/v2\/pages\/52\/revisions\/66"}],"wp:attachment":[{"href":"http:\/\/www.garagekeller.com\/wordpress\/wp-json\/wp\/v2\/media?parent=52"}],"curies":[{"name":"wp","href":"https:\/\/api.w.org\/{rel}","templated":true}]}}