{"id":15,"date":"2016-01-23T09:39:48","date_gmt":"2016-01-23T08:39:48","guid":{"rendered":"http:\/\/www.garagekeller.com\/wordpress\/?page_id=15"},"modified":"2026-02-09T15:51:43","modified_gmt":"2026-02-09T14:51:43","slug":"accueil","status":"publish","type":"page","link":"https:\/\/www.garagekeller.com\/wordpress\/","title":{"rendered":"Accueil"},"content":{"rendered":"<p style=\"text-align: center;\">Faites vous plaisir avec plusieurs centaines de v\u00e9hicules \u00e0 d\u00e9couvrir sur un site d\u00e9di\u00e9 !!<\/p>\n<p><a href=\"http:\/\/www.garagekeller.fr\"><img loading=\"lazy\" decoding=\"async\" class=\"wp-image-561 aligncenter\" src=\"http:\/\/www.garagekeller.com\/wordpress\/wp-content\/uploads\/2025\/02\/vokeller-300x111.png\" alt=\"\" width=\"860\" height=\"318\" srcset=\"https:\/\/www.garagekeller.com\/wordpress\/wp-content\/uploads\/2025\/02\/vokeller-300x111.png 300w, https:\/\/www.garagekeller.com\/wordpress\/wp-content\/uploads\/2025\/02\/vokeller-896x330.png 896w, https:\/\/www.garagekeller.com\/wordpress\/wp-content\/uploads\/2025\/02\/vokeller-768x283.png 768w, https:\/\/www.garagekeller.com\/wordpress\/wp-content\/uploads\/2025\/02\/vokeller-1536x566.png 1536w, https:\/\/www.garagekeller.com\/wordpress\/wp-content\/uploads\/2025\/02\/vokeller.png 1544w\" sizes=\"auto, (max-width: 860px) 100vw, 860px\" \/><\/a><\/p>\n<p style=\"text-align: center;\">\u00a0<\/p>\n\n\n<p>\n<script type=\"text\/javascript\"> (function() { var allo = document.createElement('script'); allo.type = 'text\/javascript'; allo.charset = 'UTF-8'; allo.async = true; allo.src = ('https:' == document.location.protocol ? 'https:\/\/' : 'http:\/\/') + 'www.allogarage.fr\/widget.js?id=19278&template=full'; (document.getElementsByTagName('head')[0] || document.getElementsByTagName('body')[0]).appendChild(allo); } )(); <\/script> <div id=\"allo_full_19278\"><\/div> \n<\/p>\n","protected":false},"excerpt":{"rendered":"<p>Faites vous plaisir avec plusieurs centaines de v\u00e9hicules \u00e0 d\u00e9couvrir sur un site d\u00e9di\u00e9 !! \u00a0<\/p>\n","protected":false},"author":1,"featured_media":0,"parent":0,"menu_order":0,"comment_status":"closed","ping_status":"closed","template":"","meta":{"footnotes":""},"class_list":["post-15","page","type-page","status-publish","hentry"],"_links":{"self":[{"href":"https:\/\/www.garagekeller.com\/wordpress\/wp-json\/wp\/v2\/pages\/15","targetHints":{"allow":["GET"]}}],"collection":[{"href":"https:\/\/www.garagekeller.com\/wordpress\/wp-json\/wp\/v2\/pages"}],"about":[{"href":"https:\/\/www.garagekeller.com\/wordpress\/wp-json\/wp\/v2\/types\/page"}],"author":[{"embeddable":true,"href":"https:\/\/www.garagekeller.com\/wordpress\/wp-json\/wp\/v2\/users\/1"}],"replies":[{"embeddable":true,"href":"https:\/\/www.garagekeller.com\/wordpress\/wp-json\/wp\/v2\/comments?post=15"}],"version-history":[{"count":24,"href":"https:\/\/www.garagekeller.com\/wordpress\/wp-json\/wp\/v2\/pages\/15\/revisions"}],"predecessor-version":[{"id":624,"href":"https:\/\/www.garagekeller.com\/wordpress\/wp-json\/wp\/v2\/pages\/15\/revisions\/624"}],"wp:attachment":[{"href":"https:\/\/www.garagekeller.com\/wordpress\/wp-json\/wp\/v2\/media?parent=15"}],"curies":[{"name":"wp","href":"https:\/\/api.w.org\/{rel}","templated":true}]}}