{"id":364,"date":"2018-07-19T07:31:38","date_gmt":"2018-07-19T06:31:38","guid":{"rendered":"http:\/\/www.garagekeller.com\/wordpress\/?page_id=364"},"modified":"2018-07-19T08:59:11","modified_gmt":"2018-07-19T07:59:11","slug":"demande-de-devis","status":"publish","type":"page","link":"https:\/\/www.garagekeller.com\/wordpress\/contact\/demande-de-devis\/","title":{"rendered":"Demande de devis"},"content":{"rendered":"\n<div class=\"wpcf7 no-js\" id=\"wpcf7-f360-o1\" lang=\"fr-FR\" dir=\"ltr\" data-wpcf7-id=\"360\">\n<div class=\"screen-reader-response\"><p role=\"status\" aria-live=\"polite\" aria-atomic=\"true\"><\/p> <ul><\/ul><\/div>\n<form action=\"\/wordpress\/wp-json\/wp\/v2\/pages\/364#wpcf7-f360-o1\" method=\"post\" class=\"wpcf7-form init\" aria-label=\"Formulaire de contact\" novalidate=\"novalidate\" data-status=\"init\">\n<fieldset class=\"hidden-fields-container\"><input type=\"hidden\" name=\"_wpcf7\" value=\"360\" \/><input type=\"hidden\" name=\"_wpcf7_version\" value=\"6.1.5\" \/><input type=\"hidden\" name=\"_wpcf7_locale\" value=\"fr_FR\" \/><input type=\"hidden\" name=\"_wpcf7_unit_tag\" value=\"wpcf7-f360-o1\" \/><input type=\"hidden\" name=\"_wpcf7_container_post\" value=\"0\" \/><input type=\"hidden\" name=\"_wpcf7_posted_data_hash\" value=\"\" \/><input type=\"hidden\" name=\"_wpcf7_recaptcha_response\" value=\"\" \/>\n<\/fieldset>\n<center>\n\t<p><label> Votre nom (obligatoire)<br \/>\n<span class=\"wpcf7-form-control-wrap\" data-name=\"your-name\"><input size=\"40\" maxlength=\"400\" class=\"wpcf7-form-control wpcf7-text wpcf7-validates-as-required\" aria-required=\"true\" aria-invalid=\"false\" value=\"\" type=\"text\" name=\"your-name\" \/><\/span> <\/label>\n\t<\/p>\n<\/center>\n<center>\n\t<p><label> Votre adresse (obligatoire)<br \/>\n<span class=\"wpcf7-form-control-wrap\" data-name=\"your-adress\"><input size=\"40\" maxlength=\"400\" class=\"wpcf7-form-control wpcf7-text wpcf7-validates-as-required\" aria-required=\"true\" aria-invalid=\"false\" value=\"\" type=\"text\" name=\"your-adress\" \/><\/span> <\/label><br \/>\n<label> Votre code postal(obligatoire)<br \/>\n<span class=\"wpcf7-form-control-wrap\" data-name=\"your-cp\"><input size=\"40\" maxlength=\"400\" class=\"wpcf7-form-control wpcf7-text wpcf7-validates-as-required\" aria-required=\"true\" aria-invalid=\"false\" value=\"\" type=\"text\" name=\"your-cp\" \/><\/span> <\/label><br \/>\n<label> Votre Ville(obligatoire)<br \/>\n<span class=\"wpcf7-form-control-wrap\" data-name=\"your-city\"><input size=\"40\" maxlength=\"400\" class=\"wpcf7-form-control wpcf7-text wpcf7-validates-as-required\" aria-required=\"true\" aria-invalid=\"false\" value=\"\" type=\"text\" name=\"your-city\" \/><\/span> <\/label>\n\t<\/p>\n<\/center>\n<center>\n\t<p><label> Un num\u00e9ro de t\u00e9l\u00e9phone o\u00f9 l'on peut vous joindre<br \/>\n<span class=\"wpcf7-form-control-wrap\" data-name=\"your-phone\"><input size=\"40\" maxlength=\"400\" class=\"wpcf7-form-control wpcf7-text\" aria-invalid=\"false\" value=\"\" type=\"text\" name=\"your-phone\" \/><\/span> <\/label>\n\t<\/p>\n<\/center>\n<center>\n\t<p><label> Votre adresse de messagerie (obligatoire)<br \/>\n<span class=\"wpcf7-form-control-wrap\" data-name=\"your-email\"><input size=\"40\" maxlength=\"400\" class=\"wpcf7-form-control wpcf7-email wpcf7-validates-as-required wpcf7-text wpcf7-validates-as-email\" aria-required=\"true\" aria-invalid=\"false\" value=\"\" type=\"email\" name=\"your-email\" \/><\/span> <\/label>\n\t<\/p>\n<\/center>\n<center>\n\t<p><label> Immatriculation du v\u00e9hicule (obligatoire)<br \/>\n<span class=\"wpcf7-form-control-wrap\" data-name=\"Immatriculation\"><input size=\"40\" maxlength=\"400\" class=\"wpcf7-form-control wpcf7-text wpcf7-validates-as-required\" aria-required=\"true\" aria-invalid=\"false\" value=\"\" type=\"text\" name=\"Immatriculation\" \/><\/span> <\/label>\n\t<\/p>\n<\/center>\n<center>\n\t<p><label> Kilom\u00e9trage du v\u00e9hicule<br \/>\n<span class=\"wpcf7-form-control-wrap\" data-name=\"Kilometrage\"><input size=\"40\" maxlength=\"400\" class=\"wpcf7-form-control wpcf7-text\" aria-invalid=\"false\" value=\"\" type=\"text\" name=\"Kilometrage\" \/><\/span> <\/label>\n\t<\/p>\n<\/center>\n<center>\n\t<p><label> Votre demande<br \/>\n<span class=\"wpcf7-form-control-wrap\" data-name=\"your-message\"><textarea cols=\"40\" rows=\"10\" maxlength=\"2000\" class=\"wpcf7-form-control wpcf7-textarea\" aria-invalid=\"false\" name=\"your-message\"><\/textarea><\/span> <\/label>\n\t<\/p>\n<\/center>\n<center>\n\t<p><label> Consentement RGPD<br \/>\nDans le cadre de la r\u00e8glementation sur la protection g\u00e9n\u00e9rale des donn\u00e9es, j'autorise le Garage Keller Roger et fils \u00e0 conserver les donn\u00e9es saisies dans ce formulaire en accord avec la r\u00e8glementation en vigueur au jour de ma demande.<br \/>\n\t\t\t<center><span class=\"wpcf7-form-control-wrap\" data-name=\"checkbox-576\"><span class=\"wpcf7-form-control wpcf7-checkbox wpcf7-validates-as-required\"><span class=\"wpcf7-list-item first last\"><span class=\"wpcf7-list-item-label\">Je donne mon accord<\/span><input type=\"checkbox\" name=\"checkbox-576[]\" value=\"Je donne mon accord\" \/><\/span><\/span><\/span>\n\t\t\t<\/center><\/label><br \/>\n\t<br \/>\n<input class=\"wpcf7-form-control wpcf7-submit has-spinner\" type=\"submit\" value=\"Envoyer\" \/>\n\t<\/p>\n<\/center><div class=\"wpcf7-response-output\" aria-hidden=\"true\"><\/div>\n<\/form>\n<\/div>\n\n","protected":false},"excerpt":{"rendered":"","protected":false},"author":1,"featured_media":0,"parent":75,"menu_order":0,"comment_status":"closed","ping_status":"closed","template":"","meta":{"footnotes":""},"class_list":["post-364","page","type-page","status-publish","hentry"],"_links":{"self":[{"href":"https:\/\/www.garagekeller.com\/wordpress\/wp-json\/wp\/v2\/pages\/364","targetHints":{"allow":["GET"]}}],"collection":[{"href":"https:\/\/www.garagekeller.com\/wordpress\/wp-json\/wp\/v2\/pages"}],"about":[{"href":"https:\/\/www.garagekeller.com\/wordpress\/wp-json\/wp\/v2\/types\/page"}],"author":[{"embeddable":true,"href":"https:\/\/www.garagekeller.com\/wordpress\/wp-json\/wp\/v2\/users\/1"}],"replies":[{"embeddable":true,"href":"https:\/\/www.garagekeller.com\/wordpress\/wp-json\/wp\/v2\/comments?post=364"}],"version-history":[{"count":1,"href":"https:\/\/www.garagekeller.com\/wordpress\/wp-json\/wp\/v2\/pages\/364\/revisions"}],"predecessor-version":[{"id":365,"href":"https:\/\/www.garagekeller.com\/wordpress\/wp-json\/wp\/v2\/pages\/364\/revisions\/365"}],"up":[{"embeddable":true,"href":"https:\/\/www.garagekeller.com\/wordpress\/wp-json\/wp\/v2\/pages\/75"}],"wp:attachment":[{"href":"https:\/\/www.garagekeller.com\/wordpress\/wp-json\/wp\/v2\/media?parent=364"}],"curies":[{"name":"wp","href":"https:\/\/api.w.org\/{rel}","templated":true}]}}