{"id":377,"date":"2018-07-19T09:07:26","date_gmt":"2018-07-19T08:07:26","guid":{"rendered":"http:\/\/www.garagekeller.com\/wordpress\/?page_id=377"},"modified":"2018-07-19T14:46:48","modified_gmt":"2018-07-19T13:46:48","slug":"formulaires","status":"publish","type":"page","link":"https:\/\/www.garagekeller.com\/wordpress\/carte-grise\/formulaires\/","title":{"rendered":"Formulaires"},"content":{"rendered":"<p>Vous pourrez acc\u00e9der directement aux pages propos\u00e9es gratuitement par le gouvernement en cliquant sur les mots soulign\u00e9s dans le texte ci dessous.<\/p>\n<ol>\n<li><a href=\"https:\/\/siv.interieur.gouv.fr\/map-usg-ui\/do\/csa_retour_dem_certificat\" target=\"_blank\" rel=\"noopener\">&#8211; le certificat de non gage<\/a>.<\/li>\n<li><a href=\"https:\/\/mdel.mon.service-public.fr\/mademarchev5\/sfjsp?interviewID=13754\" target=\"_blank\" rel=\"noopener\">&#8211; Certificat de Cession\u00a0<\/a><\/li>\n<li><a style=\"font-size: 1rem;\" href=\"https:\/\/mdel.mon.service-public.fr\/mademarchev5\/sfjsp?interviewID=13750\" target=\"_blank\" rel=\"noopener\">&#8211; Demande de Certificat d&rsquo;immatriculation<\/a><span style=\"font-size: 1rem;\">\u00a0<\/span><\/li>\n<li><a style=\"font-size: 1rem;\" href=\"https:\/\/www.formulaires.modernisation.gouv.fr\/gf\/cerfa_13757.do\" target=\"_blank\" rel=\"noopener\">&#8211; Mandat d&rsquo;immatriculation<\/a><span style=\"font-size: 1rem;\">\u00a0<\/span><\/li>\n<\/ol>\n<p>Documents n\u00e9cessaires en plus des formulaires ci dessus :<\/p>\n<ul>\n<li>&#8211; l&rsquo;ancien certificat d&rsquo;immatriculation<\/li>\n<li>&#8211; une pi\u00e8ce d&rsquo;identit\u00e9<\/li>\n<li>&#8211; un justificatif de domicile de moins de trois mois. <a href=\"https:\/\/www.service-public.fr\/particuliers\/vosdroits\/F1028\">Vous trouverez la \u00a0liste des justificatifs recevables en cliquant ici.<\/a><\/li>\n<\/ul>\n<p><em><strong>Attention : depuis le 14\/08\/2017 il faut \u00e9galement fournir <\/strong><\/em><\/p>\n<ul>\n<li><em><strong>&#8211; une copie du permis de la cat\u00e9gorie pour laquelle on demande la carte grise<\/strong><\/em><\/li>\n<li><em><strong>&#8211; une attestation d&rsquo;assurance en cours de validit\u00e9<\/strong><\/em><\/li>\n<\/ul>\n<p>Pour conna\u00eetre le co\u00fbt de votre carte grise :\u00a0<a href=\"https:\/\/www.service-public.fr\/simulateur\/calcul\/cout-certificat-immatriculation\">simulateur de co\u00fbt de carte grise en cliquant ici<\/a> ).<\/p>\n<p>&nbsp;<\/p>\n","protected":false},"excerpt":{"rendered":"<p>Vous pourrez acc\u00e9der directement aux pages propos\u00e9es gratuitement par le gouvernement en cliquant sur les mots soulign\u00e9s dans le texte ci dessous. &#8211; le certificat de non gage. &#8211; Certificat de Cession\u00a0 &#8211; Demande de Certificat d&rsquo;immatriculation\u00a0 &#8211; Mandat d&rsquo;immatriculation\u00a0 Documents n\u00e9cessaires en plus des formulaires ci dessus : &#8211; l&rsquo;ancien certificat d&rsquo;immatriculation &#8211; une [&hellip;]<\/p>\n","protected":false},"author":1,"featured_media":0,"parent":176,"menu_order":0,"comment_status":"closed","ping_status":"closed","template":"","meta":{"footnotes":""},"class_list":["post-377","page","type-page","status-publish","hentry"],"_links":{"self":[{"href":"https:\/\/www.garagekeller.com\/wordpress\/wp-json\/wp\/v2\/pages\/377","targetHints":{"allow":["GET"]}}],"collection":[{"href":"https:\/\/www.garagekeller.com\/wordpress\/wp-json\/wp\/v2\/pages"}],"about":[{"href":"https:\/\/www.garagekeller.com\/wordpress\/wp-json\/wp\/v2\/types\/page"}],"author":[{"embeddable":true,"href":"https:\/\/www.garagekeller.com\/wordpress\/wp-json\/wp\/v2\/users\/1"}],"replies":[{"embeddable":true,"href":"https:\/\/www.garagekeller.com\/wordpress\/wp-json\/wp\/v2\/comments?post=377"}],"version-history":[{"count":2,"href":"https:\/\/www.garagekeller.com\/wordpress\/wp-json\/wp\/v2\/pages\/377\/revisions"}],"predecessor-version":[{"id":413,"href":"https:\/\/www.garagekeller.com\/wordpress\/wp-json\/wp\/v2\/pages\/377\/revisions\/413"}],"up":[{"embeddable":true,"href":"https:\/\/www.garagekeller.com\/wordpress\/wp-json\/wp\/v2\/pages\/176"}],"wp:attachment":[{"href":"https:\/\/www.garagekeller.com\/wordpress\/wp-json\/wp\/v2\/media?parent=377"}],"curies":[{"name":"wp","href":"https:\/\/api.w.org\/{rel}","templated":true}]}}