{"id":57,"date":"2016-01-23T16:32:24","date_gmt":"2016-01-23T15:32:24","guid":{"rendered":"http:\/\/www.garagekeller.com\/wordpress\/?page_id=57"},"modified":"2018-07-19T08:59:10","modified_gmt":"2018-07-19T07:59:10","slug":"carrosserie-et-vitrages","status":"publish","type":"page","link":"https:\/\/www.garagekeller.com\/wordpress\/atelier\/carrosserie-et-vitrages\/","title":{"rendered":"Carrosserie et Vitrages"},"content":{"rendered":"<p>Notre service carrosserie se chargera des op\u00e9rations n\u00e9cessaires \u00e0 la remise en \u00e9tat de votre v\u00e9hicule. Toutes les op\u00e9rations courantes sont r\u00e9alis\u00e9es dans notre atelier : d\u00e9bosselage, remplacement d&rsquo;\u00e9l\u00e9ments, peinture.<\/p>\n<p>Nous proposons \u00e9galement le remplacement de vos vitres cass\u00e9es ou la r\u00e9paration des impacts sur le pare brise. Nous vous aidons \u00e9galement\u00a0dans les d\u00e9marches avec votre assureur.<\/p>\n<p>Nous proposons \u00e9galement des prestations annexes telles que la r\u00e9novation d&rsquo;optiques devenues opaques ou le teintage de vos vitres.<\/p>\n<p>&nbsp;<\/p>\n<p>&nbsp;<\/p>\n","protected":false},"excerpt":{"rendered":"<p>Notre service carrosserie se chargera des op\u00e9rations n\u00e9cessaires \u00e0 la remise en \u00e9tat de votre v\u00e9hicule. Toutes les op\u00e9rations courantes sont r\u00e9alis\u00e9es dans notre atelier : d\u00e9bosselage, remplacement d&rsquo;\u00e9l\u00e9ments, peinture. Nous proposons \u00e9galement le remplacement de vos vitres cass\u00e9es ou la r\u00e9paration des impacts sur le pare brise. Nous vous aidons \u00e9galement\u00a0dans les d\u00e9marches avec [&hellip;]<\/p>\n","protected":false},"author":1,"featured_media":0,"parent":52,"menu_order":0,"comment_status":"closed","ping_status":"closed","template":"","meta":{"footnotes":""},"class_list":["post-57","page","type-page","status-publish","hentry"],"_links":{"self":[{"href":"https:\/\/www.garagekeller.com\/wordpress\/wp-json\/wp\/v2\/pages\/57","targetHints":{"allow":["GET"]}}],"collection":[{"href":"https:\/\/www.garagekeller.com\/wordpress\/wp-json\/wp\/v2\/pages"}],"about":[{"href":"https:\/\/www.garagekeller.com\/wordpress\/wp-json\/wp\/v2\/types\/page"}],"author":[{"embeddable":true,"href":"https:\/\/www.garagekeller.com\/wordpress\/wp-json\/wp\/v2\/users\/1"}],"replies":[{"embeddable":true,"href":"https:\/\/www.garagekeller.com\/wordpress\/wp-json\/wp\/v2\/comments?post=57"}],"version-history":[{"count":1,"href":"https:\/\/www.garagekeller.com\/wordpress\/wp-json\/wp\/v2\/pages\/57\/revisions"}],"predecessor-version":[{"id":58,"href":"https:\/\/www.garagekeller.com\/wordpress\/wp-json\/wp\/v2\/pages\/57\/revisions\/58"}],"up":[{"embeddable":true,"href":"https:\/\/www.garagekeller.com\/wordpress\/wp-json\/wp\/v2\/pages\/52"}],"wp:attachment":[{"href":"https:\/\/www.garagekeller.com\/wordpress\/wp-json\/wp\/v2\/media?parent=57"}],"curies":[{"name":"wp","href":"https:\/\/api.w.org\/{rel}","templated":true}]}}